{"id":71633,"date":"2025-06-04T01:20:51","date_gmt":"2025-06-04T07:20:51","guid":{"rendered":"https:\/\/www.cronotoposgroup.com\/mx\/?page_id=71633"},"modified":"2025-06-04T17:08:32","modified_gmt":"2025-06-04T23:08:32","slug":"procesos","status":"publish","type":"page","link":"https:\/\/www.cronotoposgroup.com\/mx\/procesos\/","title":{"rendered":"Procesos"},"content":{"rendered":"<p>[et_pb_section fb_built=&#8221;1&#8243; admin_label=&#8221;section&#8221; _builder_version=&#8221;4.27.4&#8243; custom_padding=&#8221;4px||4px|||&#8221; global_colors_info=&#8221;{}&#8221;][et_pb_row use_custom_gutter=&#8221;on&#8221; gutter_width=&#8221;1&#8243; make_equal=&#8221;on&#8221; admin_label=&#8221;row&#8221; _builder_version=&#8221;4.27.4&#8243; background_size=&#8221;initial&#8221; background_position=&#8221;top_left&#8221; background_repeat=&#8221;repeat&#8221; width=&#8221;100%&#8221; max_width=&#8221;100%&#8221; custom_padding=&#8221;4px||11px|||&#8221; global_colors_info=&#8221;{}&#8221;][et_pb_column type=&#8221;4_4&#8243; _builder_version=&#8221;4.16&#8243; custom_padding=&#8221;|||&#8221; global_colors_info=&#8221;{}&#8221; custom_padding__hover=&#8221;|||&#8221;][et_pb_image src=&#8221;https:\/\/www.cronotoposgroup.com\/mx\/wp-content\/uploads\/2025\/06\/procesos-cronotoposgroup-2.jpg&#8221; title_text=&#8221;procesos-cronotoposgroup-2&#8243; _builder_version=&#8221;4.27.4&#8243; _module_preset=&#8221;default&#8221; hover_enabled=&#8221;0&#8243; global_colors_info=&#8221;{}&#8221; sticky_enabled=&#8221;0&#8243;][\/et_pb_image][\/et_pb_column][\/et_pb_row][\/et_pb_section][et_pb_section fb_built=&#8221;1&#8243; _builder_version=&#8221;4.17.4&#8243; _module_preset=&#8221;default&#8221; custom_padding=&#8221;22px|||||&#8221; global_colors_info=&#8221;{}&#8221;][et_pb_row _builder_version=&#8221;4.17.4&#8243; _module_preset=&#8221;default&#8221; custom_padding=&#8221;10px|||||&#8221; global_colors_info=&#8221;{}&#8221;][et_pb_column type=&#8221;4_4&#8243; _builder_version=&#8221;4.17.4&#8243; _module_preset=&#8221;default&#8221; global_colors_info=&#8221;{}&#8221;][et_pb_text _builder_version=&#8221;4.27.4&#8243; _module_preset=&#8221;default&#8221; text_font=&#8221;|300|||||||&#8221; text_font_size=&#8221;16px&#8221; text_line_height=&#8221;1.8em&#8221; header_font=&#8221;Roboto|700|||||||&#8221; header_font_size=&#8221;26px&#8221; header_line_height=&#8221;1.3em&#8221; hover_enabled=&#8221;0&#8243; global_colors_info=&#8221;{}&#8221; sticky_enabled=&#8221;0&#8243;]<\/p>\n<h1>Procesos<\/h1>\n<p>Cronotopos es un estudio de arquitectura y rehabilitaci\u00f3n que trabaja con una metodolog\u00eda centrada en el di\u00e1logo con cada cliente. Creemos en el intercambio de ideas, perspectivas y referencias como punto de partida para llegar a propuestas arquitect\u00f3nicas innovadoras, sostenibles y totalmente personalizadas.<\/p>\n<p>[\/et_pb_text][\/et_pb_column][\/et_pb_row][et_pb_row column_structure=&#8221;1_4,1_4,1_4,1_4&#8243; make_equal=&#8221;on&#8221; _builder_version=&#8221;4.27.4&#8243; _module_preset=&#8221;default&#8221; global_colors_info=&#8221;{}&#8221;][et_pb_column type=&#8221;1_4&#8243; _builder_version=&#8221;4.17.4&#8243; _module_preset=&#8221;default&#8221; global_colors_info=&#8221;{}&#8221;][et_pb_text _builder_version=&#8221;4.27.4&#8243; _module_preset=&#8221;default&#8221; text_font=&#8221;|800|||||||&#8221; text_text_color=&#8221;#000000&#8243; text_font_size=&#8221;23px&#8221; header_font=&#8221;Roboto|700|||||||&#8221; header_font_size=&#8221;31px&#8221; header_line_height=&#8221;1.4em&#8221; header_2_font_size=&#8221;16px&#8221; custom_margin=&#8221;||15px|||&#8221; global_colors_info=&#8221;{}&#8221;]00.[\/et_pb_text][et_pb_text _builder_version=&#8221;4.27.4&#8243; _module_preset=&#8221;default&#8221; text_font=&#8221;|300|||||||&#8221; text_font_size=&#8221;16px&#8221; text_line_height=&#8221;2em&#8221; header_font=&#8221;Roboto|700|||||||&#8221; header_font_size=&#8221;31px&#8221; header_line_height=&#8221;1.4em&#8221; header_2_font=&#8221;|700|||||||&#8221; header_2_font_size=&#8221;20px&#8221; header_2_line_height=&#8221;1.4em&#8221; hover_enabled=&#8221;0&#8243; global_colors_info=&#8221;{}&#8221; sticky_enabled=&#8221;0&#8243;]<\/p>\n<h2>EL CUADERNO Y LA ENTREVISTA<\/h2>\n<p>Cada proyecto comienza con una hoja en blanco que se va llenando en nuestra primera conversaci\u00f3n. A veces basta una fotograf\u00eda, una pieza de mobiliario, un recuerdo o una an\u00e9cdota. Cualquier detalle puede marcar el rumbo del dise\u00f1o. Nos gusta trabajar con clientes que aportan, que imaginan con nosotros. Porque en Cronotopos nos asumimos como un filtro: tomamos sus ideas y las transformamos en ESPACIO\u2026 y en TIEMPO.<\/p>\n<p>[\/et_pb_text][\/et_pb_column][et_pb_column type=&#8221;1_4&#8243; _builder_version=&#8221;4.17.4&#8243; _module_preset=&#8221;default&#8221; global_colors_info=&#8221;{}&#8221;][et_pb_image src=&#8221;https:\/\/www.cronotoposgroup.com\/mx\/wp-content\/uploads\/2025\/06\/00.jpg&#8221; title_text=&#8221;00&#8243; _builder_version=&#8221;4.17.4&#8243; _module_preset=&#8221;default&#8221; global_colors_info=&#8221;{}&#8221;][\/et_pb_image][\/et_pb_column][et_pb_column type=&#8221;1_4&#8243; _builder_version=&#8221;4.17.4&#8243; _module_preset=&#8221;default&#8221; global_colors_info=&#8221;{}&#8221;][et_pb_text _builder_version=&#8221;4.27.4&#8243; _module_preset=&#8221;default&#8221; text_font=&#8221;|800|||||||&#8221; text_text_color=&#8221;#000000&#8243; text_font_size=&#8221;23px&#8221; header_font=&#8221;Roboto|700|||||||&#8221; header_font_size=&#8221;31px&#8221; header_line_height=&#8221;1.4em&#8221; header_2_font_size=&#8221;16px&#8221; custom_margin=&#8221;||15px|||&#8221; global_colors_info=&#8221;{}&#8221;]<\/p>\n<p>01.<\/p>\n<p>[\/et_pb_text][et_pb_text _builder_version=&#8221;4.27.4&#8243; _module_preset=&#8221;default&#8221; text_font=&#8221;|300|||||||&#8221; text_font_size=&#8221;16px&#8221; text_line_height=&#8221;2em&#8221; header_font=&#8221;Roboto|700|||||||&#8221; header_font_size=&#8221;31px&#8221; header_line_height=&#8221;1.4em&#8221; header_2_font=&#8221;|700|||||||&#8221; header_2_font_size=&#8221;20px&#8221; header_2_line_height=&#8221;1.4em&#8221; global_colors_info=&#8221;{}&#8221;]<\/p>\n<h2>PROPUESTA Y ECONOM\u00cdA<\/h2>\n<p>Despu\u00e9s de la primera visita el equipo comienza a imaginar,  bocetar, discutir. Y todo lo hacemos con algo muy claro en mente: lo que se habl\u00f3, lo que se pens\u00f3\u2026 y en el presupuesto. En nuestros proyectos siempre conseguimos adaptar las ideas a los bolsillos de cada uno de nuestros clientes porque entendemos que la arquitectura esta ineludiblemente unida a ella.[\/et_pb_text][\/et_pb_column][et_pb_column type=&#8221;1_4&#8243; _builder_version=&#8221;4.17.4&#8243; _module_preset=&#8221;default&#8221; global_colors_info=&#8221;{}&#8221;][et_pb_image src=&#8221;https:\/\/www.cronotoposgroup.com\/mx\/wp-content\/uploads\/2025\/06\/01.jpg&#8221; title_text=&#8221;01&#8243; _builder_version=&#8221;4.17.4&#8243; _module_preset=&#8221;default&#8221; global_colors_info=&#8221;{}&#8221;][\/et_pb_image][\/et_pb_column][\/et_pb_row][et_pb_row column_structure=&#8221;1_4,1_4,1_4,1_4&#8243; make_equal=&#8221;on&#8221; _builder_version=&#8221;4.27.4&#8243; _module_preset=&#8221;default&#8221; global_colors_info=&#8221;{}&#8221;][et_pb_column type=&#8221;1_4&#8243; _builder_version=&#8221;4.17.4&#8243; _module_preset=&#8221;default&#8221; global_colors_info=&#8221;{}&#8221;][et_pb_text _builder_version=&#8221;4.17.4&#8243; _module_preset=&#8221;default&#8221; text_font=&#8221;|800|||||||&#8221; text_text_color=&#8221;#000000&#8243; text_font_size=&#8221;23px&#8221; header_font=&#8221;Roboto|700|||||||&#8221; header_font_size=&#8221;31px&#8221; header_line_height=&#8221;1.4em&#8221; header_2_font_size=&#8221;16px&#8221; custom_margin=&#8221;||15px|||&#8221; global_colors_info=&#8221;{}&#8221;]<\/p>\n<p>02.<\/p>\n<p>[\/et_pb_text][et_pb_text _builder_version=&#8221;4.27.4&#8243; _module_preset=&#8221;default&#8221; text_font=&#8221;|300|||||||&#8221; text_font_size=&#8221;16px&#8221; text_line_height=&#8221;2em&#8221; header_font=&#8221;Roboto|700|||||||&#8221; header_font_size=&#8221;31px&#8221; header_line_height=&#8221;1.4em&#8221; header_2_font=&#8221;|700|||||||&#8221; header_2_font_size=&#8221;20px&#8221; header_2_line_height=&#8221;1.4em&#8221; global_colors_info=&#8221;{}&#8221;]<\/p>\n<h2>EL TRASPLANTE A LA REALIDAD<\/h2>\n<p>Una vez que el proyecto toma forma y los n\u00fameros hacen sentido, pasamos a los preparativos para trasplantar nuestro proyecto del mundo de las ideas al mundo real. Este proceso es la realizaci\u00f3n de un proyecto capaz de detallar todos los encuentros constructivos, procesos y posibles desaf\u00edos que nos podamos encontrar en obra.[\/et_pb_text][\/et_pb_column][et_pb_column type=&#8221;1_4&#8243; _builder_version=&#8221;4.17.4&#8243; _module_preset=&#8221;default&#8221; global_colors_info=&#8221;{}&#8221;][et_pb_image src=&#8221;https:\/\/www.cronotoposgroup.com\/mx\/wp-content\/uploads\/2025\/06\/02.jpg&#8221; title_text=&#8221;02&#8243; _builder_version=&#8221;4.17.4&#8243; _module_preset=&#8221;default&#8221; global_colors_info=&#8221;{}&#8221;][\/et_pb_image][\/et_pb_column][et_pb_column type=&#8221;1_4&#8243; _builder_version=&#8221;4.17.4&#8243; _module_preset=&#8221;default&#8221; global_colors_info=&#8221;{}&#8221;][et_pb_text _builder_version=&#8221;4.17.4&#8243; _module_preset=&#8221;default&#8221; text_font=&#8221;|800|||||||&#8221; text_text_color=&#8221;#000000&#8243; text_font_size=&#8221;23px&#8221; header_font=&#8221;Roboto|700|||||||&#8221; header_font_size=&#8221;31px&#8221; header_line_height=&#8221;1.4em&#8221; header_2_font_size=&#8221;16px&#8221; custom_margin=&#8221;||15px|||&#8221; global_colors_info=&#8221;{}&#8221;]<\/p>\n<p>03.<\/p>\n<p>[\/et_pb_text][et_pb_text _builder_version=&#8221;4.27.4&#8243; _module_preset=&#8221;default&#8221; text_font=&#8221;|300|||||||&#8221; text_font_size=&#8221;16px&#8221; text_line_height=&#8221;2em&#8221; header_font=&#8221;Roboto|700|||||||&#8221; header_font_size=&#8221;31px&#8221; header_line_height=&#8221;1.4em&#8221; header_2_font=&#8221;|700|||||||&#8221; header_2_font_size=&#8221;20px&#8221; header_2_line_height=&#8221;1.4em&#8221; global_colors_info=&#8221;{}&#8221;]<\/p>\n<h2>MATERIALIZACI\u00d3N DE LA IDEA<\/h2>\n<p>Cuando todo est\u00e1 listo, empieza la obra. Para muchos, es la parte complicada. Para nosotros, es la m\u00e1s emocionante. Es donde todo se pone a prueba. Por eso la acompa\u00f1amos de cerca, supervisamos con cuidado y nos anticipamos a los imprevistos. Nos gusta estar ah\u00ed, resolviendo, afinando, construyendo.[\/et_pb_text][\/et_pb_column][et_pb_column type=&#8221;1_4&#8243; _builder_version=&#8221;4.17.4&#8243; _module_preset=&#8221;default&#8221; global_colors_info=&#8221;{}&#8221;][et_pb_image src=&#8221;https:\/\/www.cronotoposgroup.com\/mx\/wp-content\/uploads\/2025\/06\/03-materializacion-de-la-idea.jpg&#8221; title_text=&#8221;03-materializacion-de-la-idea&#8221; _builder_version=&#8221;4.17.4&#8243; _module_preset=&#8221;default&#8221; global_colors_info=&#8221;{}&#8221;][\/et_pb_image][\/et_pb_column][\/et_pb_row][et_pb_row column_structure=&#8221;1_2,1_2&#8243; _builder_version=&#8221;4.17.4&#8243; _module_preset=&#8221;default&#8221; custom_padding=&#8221;||17px|||&#8221; global_colors_info=&#8221;{}&#8221;][et_pb_column type=&#8221;1_2&#8243; _builder_version=&#8221;4.17.4&#8243; _module_preset=&#8221;default&#8221; global_colors_info=&#8221;{}&#8221;][et_pb_text _builder_version=&#8221;4.27.4&#8243; _module_preset=&#8221;default&#8221; text_font=&#8221;|800|||||||&#8221; text_text_color=&#8221;#000000&#8243; text_font_size=&#8221;23px&#8221; header_font=&#8221;Roboto|700|||||||&#8221; header_font_size=&#8221;31px&#8221; header_line_height=&#8221;1.4em&#8221; header_2_font_size=&#8221;16px&#8221; custom_margin=&#8221;||15px|||&#8221; global_colors_info=&#8221;{}&#8221;]<\/p>\n<p>04.<\/p>\n<p>[\/et_pb_text][et_pb_text _builder_version=&#8221;4.27.4&#8243; _module_preset=&#8221;default&#8221; text_font=&#8221;|300|||||||&#8221; text_font_size=&#8221;16px&#8221; text_line_height=&#8221;2em&#8221; header_font=&#8221;Roboto|700|||||||&#8221; header_font_size=&#8221;31px&#8221; header_line_height=&#8221;1.4em&#8221; header_2_font=&#8221;|700|||||||&#8221; header_2_font_size=&#8221;20px&#8221; header_2_line_height=&#8221;1.4em&#8221; global_colors_info=&#8221;{}&#8221;]<\/p>\n<h2>LA \u00daLTIMA CENA<\/h2>\n<p>Terminar una obra siempre trae emociones encontradas. Por un lado, la emoci\u00f3n de ver nacer un proyecto. Por el otro, la nostalgia de despedirse. Para cerrar ese ciclo, nos gusta compartir una \u00faltima cena en el lugar construido. Es el momento para mirar atr\u00e1s, compartir an\u00e9cdotas del proceso\u2026 y dar por concluido el cap\u00edtulo. Porque cada proyecto que se cierra, abre espacio para el que sigue.[\/et_pb_text][\/et_pb_column][et_pb_column type=&#8221;1_2&#8243; _builder_version=&#8221;4.17.4&#8243; _module_preset=&#8221;default&#8221; global_colors_info=&#8221;{}&#8221;][et_pb_image src=&#8221;https:\/\/www.cronotoposgroup.com\/mx\/wp-content\/uploads\/2025\/06\/03B.jpg&#8221; title_text=&#8221;03B&#8221; _builder_version=&#8221;4.17.4&#8243; _module_preset=&#8221;default&#8221; global_colors_info=&#8221;{}&#8221;][\/et_pb_image][\/et_pb_column][\/et_pb_row][\/et_pb_section]<\/p>\n","protected":false},"excerpt":{"rendered":"<p>Procesos Cronotopos es un estudio de arquitectura y rehabilitaci\u00f3n que trabaja con una metodolog\u00eda centrada en el di\u00e1logo con cada cliente. Creemos en el intercambio de ideas, perspectivas y referencias como punto de partida para llegar a propuestas arquitect\u00f3nicas innovadoras, sostenibles y totalmente personalizadas.00.EL CUADERNO Y LA ENTREVISTA Cada proyecto comienza con una hoja en [&hellip;]<\/p>\n","protected":false},"author":1,"featured_media":0,"parent":0,"menu_order":0,"comment_status":"closed","ping_status":"closed","template":"","meta":{"_et_pb_use_builder":"on","_et_pb_old_content":"","_et_gb_content_width":"","footnotes":""},"class_list":["post-71633","page","type-page","status-publish","hentry"],"yoast_head":"<!-- This site is optimized with the Yoast SEO plugin v26.9 - https:\/\/yoast.com\/product\/yoast-seo-wordpress\/ -->\n<title>Procesos y metodolog\u00eda de trabajo | Cronotopos M\u00e9xico<\/title>\n<meta name=\"description\" content=\"Cronotopos trabaja la relaci\u00f3n con el cliente intercambiando perspectivas diferentes para llegar a ideas innovadoras, sostenibles y personalizadas.\" \/>\n<meta name=\"robots\" content=\"index, follow, max-snippet:-1, max-image-preview:large, max-video-preview:-1\" \/>\n<link rel=\"canonical\" href=\"https:\/\/www.cronotoposgroup.com\/mx\/procesos\/\" \/>\n<meta property=\"og:locale\" content=\"es_MX\" \/>\n<meta property=\"og:type\" content=\"article\" \/>\n<meta property=\"og:title\" content=\"Procesos y metodolog\u00eda de trabajo | Cronotopos M\u00e9xico\" \/>\n<meta property=\"og:description\" content=\"Cronotopos trabaja la relaci\u00f3n con el cliente intercambiando perspectivas diferentes para llegar a ideas innovadoras, sostenibles y personalizadas.\" \/>\n<meta property=\"og:url\" content=\"https:\/\/www.cronotoposgroup.com\/mx\/procesos\/\" \/>\n<meta property=\"og:site_name\" content=\"Cronotopos M\u00e9xico\" \/>\n<meta property=\"article:modified_time\" content=\"2025-06-04T23:08:32+00:00\" \/>\n<meta property=\"og:image\" content=\"https:\/\/www.cronotoposgroup.com\/mx\/wp-content\/uploads\/2025\/05\/cropped-FavicoC-270x270-1.webp\" \/>\n\t<meta property=\"og:image:width\" content=\"270\" \/>\n\t<meta property=\"og:image:height\" content=\"270\" \/>\n\t<meta property=\"og:image:type\" content=\"image\/webp\" \/>\n<meta name=\"twitter:card\" content=\"summary_large_image\" \/>\n<meta name=\"twitter:label1\" content=\"Tiempo de lectura\" \/>\n\t<meta name=\"twitter:data1\" content=\"3 minutos\" \/>\n<script type=\"application\/ld+json\" class=\"yoast-schema-graph\">{\"@context\":\"https:\/\/schema.org\",\"@graph\":[{\"@type\":\"WebPage\",\"@id\":\"https:\/\/www.cronotoposgroup.com\/mx\/procesos\/\",\"url\":\"https:\/\/www.cronotoposgroup.com\/mx\/procesos\/\",\"name\":\"Procesos y metodolog\u00eda de trabajo | Cronotopos M\u00e9xico\",\"isPartOf\":{\"@id\":\"https:\/\/www.cronotoposgroup.com\/mx\/#website\"},\"datePublished\":\"2025-06-04T07:20:51+00:00\",\"dateModified\":\"2025-06-04T23:08:32+00:00\",\"description\":\"Cronotopos trabaja la relaci\u00f3n con el cliente intercambiando perspectivas diferentes para llegar a ideas innovadoras, sostenibles y personalizadas.\",\"breadcrumb\":{\"@id\":\"https:\/\/www.cronotoposgroup.com\/mx\/procesos\/#breadcrumb\"},\"inLanguage\":\"es\",\"potentialAction\":[{\"@type\":\"ReadAction\",\"target\":[\"https:\/\/www.cronotoposgroup.com\/mx\/procesos\/\"]}]},{\"@type\":\"BreadcrumbList\",\"@id\":\"https:\/\/www.cronotoposgroup.com\/mx\/procesos\/#breadcrumb\",\"itemListElement\":[{\"@type\":\"ListItem\",\"position\":1,\"name\":\"Portada\",\"item\":\"https:\/\/www.cronotoposgroup.com\/mx\/\"},{\"@type\":\"ListItem\",\"position\":2,\"name\":\"Procesos\"}]},{\"@type\":\"WebSite\",\"@id\":\"https:\/\/www.cronotoposgroup.com\/mx\/#website\",\"url\":\"https:\/\/www.cronotoposgroup.com\/mx\/\",\"name\":\"Cronotopos M\u00e9xico\",\"description\":\"Estudio de arquitectura en Puebla, M\u00e9xico\",\"alternateName\":\"Cronotopos Mx\",\"potentialAction\":[{\"@type\":\"SearchAction\",\"target\":{\"@type\":\"EntryPoint\",\"urlTemplate\":\"https:\/\/www.cronotoposgroup.com\/mx\/?s={search_term_string}\"},\"query-input\":{\"@type\":\"PropertyValueSpecification\",\"valueRequired\":true,\"valueName\":\"search_term_string\"}}],\"inLanguage\":\"es\"}]}<\/script>\n<!-- \/ Yoast SEO plugin. -->","yoast_head_json":{"title":"Procesos y metodolog\u00eda de trabajo | Cronotopos M\u00e9xico","description":"Cronotopos trabaja la relaci\u00f3n con el cliente intercambiando perspectivas diferentes para llegar a ideas innovadoras, sostenibles y personalizadas.","robots":{"index":"index","follow":"follow","max-snippet":"max-snippet:-1","max-image-preview":"max-image-preview:large","max-video-preview":"max-video-preview:-1"},"canonical":"https:\/\/www.cronotoposgroup.com\/mx\/procesos\/","og_locale":"es_MX","og_type":"article","og_title":"Procesos y metodolog\u00eda de trabajo | Cronotopos M\u00e9xico","og_description":"Cronotopos trabaja la relaci\u00f3n con el cliente intercambiando perspectivas diferentes para llegar a ideas innovadoras, sostenibles y personalizadas.","og_url":"https:\/\/www.cronotoposgroup.com\/mx\/procesos\/","og_site_name":"Cronotopos M\u00e9xico","article_modified_time":"2025-06-04T23:08:32+00:00","og_image":[{"width":270,"height":270,"url":"https:\/\/www.cronotoposgroup.com\/mx\/wp-content\/uploads\/2025\/05\/cropped-FavicoC-270x270-1.webp","type":"image\/webp"}],"twitter_card":"summary_large_image","twitter_misc":{"Tiempo de lectura":"3 minutos"},"schema":{"@context":"https:\/\/schema.org","@graph":[{"@type":"WebPage","@id":"https:\/\/www.cronotoposgroup.com\/mx\/procesos\/","url":"https:\/\/www.cronotoposgroup.com\/mx\/procesos\/","name":"Procesos y metodolog\u00eda de trabajo | Cronotopos M\u00e9xico","isPartOf":{"@id":"https:\/\/www.cronotoposgroup.com\/mx\/#website"},"datePublished":"2025-06-04T07:20:51+00:00","dateModified":"2025-06-04T23:08:32+00:00","description":"Cronotopos trabaja la relaci\u00f3n con el cliente intercambiando perspectivas diferentes para llegar a ideas innovadoras, sostenibles y personalizadas.","breadcrumb":{"@id":"https:\/\/www.cronotoposgroup.com\/mx\/procesos\/#breadcrumb"},"inLanguage":"es","potentialAction":[{"@type":"ReadAction","target":["https:\/\/www.cronotoposgroup.com\/mx\/procesos\/"]}]},{"@type":"BreadcrumbList","@id":"https:\/\/www.cronotoposgroup.com\/mx\/procesos\/#breadcrumb","itemListElement":[{"@type":"ListItem","position":1,"name":"Portada","item":"https:\/\/www.cronotoposgroup.com\/mx\/"},{"@type":"ListItem","position":2,"name":"Procesos"}]},{"@type":"WebSite","@id":"https:\/\/www.cronotoposgroup.com\/mx\/#website","url":"https:\/\/www.cronotoposgroup.com\/mx\/","name":"Cronotopos M\u00e9xico","description":"Estudio de arquitectura en Puebla, M\u00e9xico","alternateName":"Cronotopos Mx","potentialAction":[{"@type":"SearchAction","target":{"@type":"EntryPoint","urlTemplate":"https:\/\/www.cronotoposgroup.com\/mx\/?s={search_term_string}"},"query-input":{"@type":"PropertyValueSpecification","valueRequired":true,"valueName":"search_term_string"}}],"inLanguage":"es"}]}},"_links":{"self":[{"href":"https:\/\/www.cronotoposgroup.com\/mx\/wp-json\/wp\/v2\/pages\/71633","targetHints":{"allow":["GET"]}}],"collection":[{"href":"https:\/\/www.cronotoposgroup.com\/mx\/wp-json\/wp\/v2\/pages"}],"about":[{"href":"https:\/\/www.cronotoposgroup.com\/mx\/wp-json\/wp\/v2\/types\/page"}],"author":[{"embeddable":true,"href":"https:\/\/www.cronotoposgroup.com\/mx\/wp-json\/wp\/v2\/users\/1"}],"replies":[{"embeddable":true,"href":"https:\/\/www.cronotoposgroup.com\/mx\/wp-json\/wp\/v2\/comments?post=71633"}],"version-history":[{"count":7,"href":"https:\/\/www.cronotoposgroup.com\/mx\/wp-json\/wp\/v2\/pages\/71633\/revisions"}],"predecessor-version":[{"id":71761,"href":"https:\/\/www.cronotoposgroup.com\/mx\/wp-json\/wp\/v2\/pages\/71633\/revisions\/71761"}],"wp:attachment":[{"href":"https:\/\/www.cronotoposgroup.com\/mx\/wp-json\/wp\/v2\/media?parent=71633"}],"curies":[{"name":"wp","href":"https:\/\/api.w.org\/{rel}","templated":true}]}}